{"id":1726,"date":"2018-05-07T14:02:00","date_gmt":"2018-05-07T14:02:00","guid":{"rendered":"http:\/\/boogalowhostel.com\/?page_id=1726"},"modified":"2023-10-20T16:49:39","modified_gmt":"2023-10-20T14:49:39","slug":"contacto-boogalow-gijon-hostel","status":"publish","type":"page","link":"https:\/\/www.boogalowgijon.com\/en\/contacto-boogalow-gijon-hostel\/","title":{"rendered":"Contacto"},"content":{"rendered":"<div data-vc-full-width=\"true\" data-vc-full-width-init=\"false\" data-vc-stretch-content=\"true\" class=\"vc_row wpb_row vc_row-fluid vc_custom_1525703995785 vc_row-no-padding\"><div class=\"wpb_column vc_column_container vc_col-sm-12\"><div class=\"vc_column-inner vc_custom_1525703988145\"><div class=\"wpb_wrapper\"><div class=\"wpb_gmaps_widget wpb_content_element\"><div class=\"wpb_wrapper\"><div class=\"wpb_map_wraper\"><iframe loading=\"lazy\" src=\"https:\/\/www.google.com\/maps\/embed?pb=!1m18!1m12!1m3!1d2764.673383031895!2d-5.660078355728218!3d43.54230912013401!2m3!1f0!2f0!3f0!3m2!1i1024!2i768!4f13.1!3m3!1m2!1s0xd367c6468456667%3A0xc7ac15f8ea02e414!2sBoogalow+Hostel!5e0!3m2!1ses!2ses!4v1566470303057!5m2!1ses!2ses\" width=\"100%\" height=\"450\" frameborder=\"0\" style=\"border:0\" allowfullscreen><\/iframe><\/div><\/div><\/div><\/div><\/div><\/div><\/div><div class=\"vc_row-full-width vc_clearfix\"><\/div><div class=\"vc_row wpb_row vc_row-fluid vc_custom_1525957435991 vc_column-gap-5\"><div class=\"wpb_column vc_column_container vc_col-sm-6\"><div class=\"vc_column-inner vc_custom_1525704421542\"><div class=\"wpb_wrapper\"><h2 style=\"text-align: left\" class=\"vc_custom_heading normal\" >We listen to you!<\/h2><div style=\"background-color:;height: 20px\" class=\"nicdark_section\"><\/div>\n\t<div class=\"wpb_text_column wpb_content_element\" >\n\t\t<div class=\"wpb_wrapper\">\n\t\t\t<p>If you have reviewed all the information on the page and you still have any questions, do not hesitate to contact us using this form.<\/p>\n<p>We will get back to you as soon as we can.<\/p>\n<p>Thank you!<\/p>\n\n\t\t<\/div>\n\t<\/div>\n<div class=\"vc_row wpb_row vc_inner vc_row-fluid vc_custom_1566471317888\"><div class=\"wpb_column vc_column_container vc_col-sm-12\"><div class=\"vc_column-inner\"><div class=\"wpb_wrapper\">\n<div class=\"wpcf7 no-js\" id=\"wpcf7-f1545-o1\" lang=\"es-ES\" dir=\"ltr\" data-wpcf7-id=\"1545\">\n<div class=\"screen-reader-response\"><p role=\"status\" aria-live=\"polite\" aria-atomic=\"true\"><\/p> <ul><\/ul><\/div>\n<form action=\"\/en\/wp-json\/wp\/v2\/pages\/1726#wpcf7-f1545-o1\" method=\"post\" class=\"wpcf7-form init\" aria-label=\"Formulario de contacto\" novalidate=\"novalidate\" data-status=\"init\" data-trp-original-action=\"\/en\/wp-json\/wp\/v2\/pages\/1726#wpcf7-f1545-o1\">\n<fieldset class=\"hidden-fields-container\"><input type=\"hidden\" name=\"_wpcf7\" value=\"1545\" \/><input type=\"hidden\" name=\"_wpcf7_version\" value=\"6.1.5\" \/><input type=\"hidden\" name=\"_wpcf7_locale\" value=\"es_ES\" \/><input type=\"hidden\" name=\"_wpcf7_unit_tag\" value=\"wpcf7-f1545-o1\" \/><input type=\"hidden\" name=\"_wpcf7_container_post\" value=\"0\" \/><input type=\"hidden\" name=\"_wpcf7_posted_data_hash\" value=\"\" \/><input type=\"hidden\" name=\"_wpcf7_recaptcha_response\" value=\"\" \/>\n<\/fieldset>\n<p>What is your name?<br \/>\n<span class=\"wpcf7-form-control-wrap\" data-name=\"nombre\"><input size=\"40\" maxlength=\"400\" class=\"wpcf7-form-control wpcf7-text wpcf7-validates-as-required\" aria-required=\"true\" aria-invalid=\"false\" value=\"\" type=\"text\" name=\"nombre\" \/><\/span>\n<\/p>\n<p>Leave us your email *<br \/>\n<span class=\"wpcf7-form-control-wrap\" data-name=\"correo\"><input size=\"40\" maxlength=\"400\" class=\"wpcf7-form-control wpcf7-email wpcf7-validates-as-required wpcf7-text wpcf7-validates-as-email\" aria-required=\"true\" aria-invalid=\"false\" value=\"\" type=\"email\" name=\"correo\" \/><\/span>\n<\/p>\n<p>And now ... Tell us about it!<br \/>\n<span class=\"wpcf7-form-control-wrap\" data-name=\"consulta\"><textarea cols=\"40\" rows=\"10\" maxlength=\"2000\" class=\"wpcf7-form-control wpcf7-textarea\" aria-invalid=\"false\" name=\"consulta\"><\/textarea><\/span>\n<\/p>\n<div style=\"margin-top:10px;margin-bottom:20px;\">\n\t<p><span class=\"wpcf7-form-control-wrap\" data-name=\"acceptance-932\"><span class=\"wpcf7-form-control wpcf7-acceptance\"><span class=\"wpcf7-list-item\"><input type=\"checkbox\" name=\"acceptance-932\" value=\"1\" aria-invalid=\"false\" \/><\/span><\/span><\/span> Check this box after reading our <a href=\"https:\/\/www.boogalowgijon.com\/en\/aviso-legal\/\">Legal Notice <\/a>where you can find the way in which we will treat your<b> PERSONAL DATA<\/b>\n\t<\/p>\n<\/div>\n<div style=\"margin-bottom:20px;\">\n<span class=\"wpcf7-form-control-wrap recaptcha\" data-name=\"recaptcha\"><span data-sitekey=\"6LelaEIkAAAAAPX7rJcXPn9JpcHZusvy2MOWdpjB\" class=\"wpcf7-form-control wpcf7-recaptcha g-recaptcha\"><\/span>\r\n<noscript>\r\n\t<div class=\"grecaptcha-noscript\">\r\n\t\t<iframe loading=\"lazy\" src=\"https:\/\/www.google.com\/recaptcha\/api\/fallback?k=6LelaEIkAAAAAPX7rJcXPn9JpcHZusvy2MOWdpjB\" frameborder=\"0\" scrolling=\"no\" width=\"310\" height=\"430\">\r\n\t\t<\/iframe>\r\n\t\t<textarea name=\"g-recaptcha-response\" rows=\"3\" cols=\"40\" placeholder=\"Aqu\u00ed la respuesta de reCAPTCHA\">\r\n\t\t<\/textarea>\r\n\t<\/div>\r\n<\/noscript>\r\n<\/span>\n<\/div>\n<p><input class=\"wpcf7-form-control wpcf7-submit has-spinner\" type=\"submit\" value=\"SUBMIT\" \/>\n<\/p><div class=\"wpcf7-response-output\" aria-hidden=\"true\"><\/div>\n<input type=\"hidden\" name=\"trp-form-language\" value=\"en\"\/><\/form>\n<\/div>\n<\/div><\/div><\/div><\/div><div style=\"background-color:;height: 20px\" class=\"nicdark_section\"><\/div><\/div><\/div><\/div><div class=\"wpb_column vc_column_container vc_col-sm-6\"><div class=\"vc_column-inner vc_custom_1467214272039\"><div class=\"wpb_wrapper\">\n\t<div  class=\"wpb_single_image wpb_content_element vc_align_center  wpb_animate_when_almost_visible wpb_bottom-to-top bottom-to-top\">\n\t\t\n\t\t<figure class=\"wpb_wrapper vc_figure\">\n\t\t\t<div class=\"vc_single_image-wrapper   vc_box_border_grey\"><\/div>\n\t\t<\/figure>\n\t<\/div>\n<div class=\"vc_row wpb_row vc_inner vc_row-fluid\"><div class=\"wpb_column vc_column_container vc_col-sm-3\"><div class=\"vc_column-inner\"><div class=\"wpb_wrapper\">\n\t<div class=\"wpb_text_column wpb_content_element\" >\n\t\t<div class=\"wpb_wrapper\">\n\t\t\t<h3>Location:<\/h3>\n\n\t\t<\/div>\n\t<\/div>\n<\/div><\/div><\/div><div class=\"wpb_column vc_column_container vc_col-sm-9\"><div class=\"vc_column-inner\"><div class=\"wpb_wrapper\">\n\t<div class=\"wpb_text_column wpb_content_element\" >\n\t\t<div class=\"wpb_wrapper\">\n\t\t\t<p style=\"text-align: right;\"><strong>C\/ Jovellanos<\/strong>, 1<\/p>\n<p style=\"text-align: right;\">2\u00ba Floor, apartment D<\/p>\n<p style=\"text-align: right;\">Building access code: 402<\/p>\n\n\t\t<\/div>\n\t<\/div>\n<\/div><\/div><\/div><\/div><div class=\"vc_separator wpb_content_element vc_separator_align_center vc_sep_width_100 vc_sep_pos_align_center vc_separator_no_text vc_sep_color_grey\" ><span class=\"vc_sep_holder vc_sep_holder_l\"><span  class=\"vc_sep_line\"><\/span><\/span><span class=\"vc_sep_holder vc_sep_holder_r\"><span  class=\"vc_sep_line\"><\/span><\/span>\n<\/div><div class=\"vc_row wpb_row vc_inner vc_row-fluid\"><div class=\"wpb_column vc_column_container vc_col-sm-3\"><div class=\"vc_column-inner\"><div class=\"wpb_wrapper\">\n\t<div class=\"wpb_text_column wpb_content_element\" >\n\t\t<div class=\"wpb_wrapper\">\n\t\t\t<h3>In:<\/h3>\n\n\t\t<\/div>\n\t<\/div>\n<\/div><\/div><\/div><div class=\"wpb_column vc_column_container vc_col-sm-9\"><div class=\"vc_column-inner\"><div class=\"wpb_wrapper\">\n\t<div class=\"wpb_text_column wpb_content_element\" >\n\t\t<div class=\"wpb_wrapper\">\n\t\t\t<p style=\"text-align: right;\"><b>Gij\u00f3n, Asturias, SPAIN<\/b><\/p>\n\n\t\t<\/div>\n\t<\/div>\n<\/div><\/div><\/div><\/div><div class=\"vc_separator wpb_content_element vc_separator_align_center vc_sep_width_100 vc_sep_pos_align_center vc_separator_no_text vc_sep_color_grey\" ><span class=\"vc_sep_holder vc_sep_holder_l\"><span  class=\"vc_sep_line\"><\/span><\/span><span class=\"vc_sep_holder vc_sep_holder_r\"><span  class=\"vc_sep_line\"><\/span><\/span>\n<\/div><div class=\"vc_row wpb_row vc_inner vc_row-fluid\"><div class=\"wpb_column vc_column_container vc_col-sm-3\"><div class=\"vc_column-inner\"><div class=\"wpb_wrapper\">\n\t<div class=\"wpb_text_column wpb_content_element\" >\n\t\t<div class=\"wpb_wrapper\">\n\t\t\t<h3>Service hours:<\/h3>\n\n\t\t<\/div>\n\t<\/div>\n<\/div><\/div><\/div><div class=\"wpb_column vc_column_container vc_col-sm-9\"><div class=\"vc_column-inner\"><div class=\"wpb_wrapper\">\n\t<div class=\"wpb_text_column wpb_content_element\" >\n\t\t<div class=\"wpb_wrapper\">\n\t\t\t<p style=\"text-align: right;\">You can call us or send us a WhatsApp from 10am to 9pm.<\/p>\n<p style=\"text-align: right;\">We are not always at the front desk, but we are always on the other side of the phone!<\/p>\n\n\t\t<\/div>\n\t<\/div>\n<\/div><\/div><\/div><\/div><div class=\"vc_empty_space\"   style=\"height: 32px\"><span class=\"vc_empty_space_inner\"><\/span><\/div>\n\t<div  class=\"wpb_single_image wpb_content_element vc_align_center  wpb_animate_when_almost_visible wpb_bottom-to-top bottom-to-top\">\n\t\t\n\t\t<figure class=\"wpb_wrapper vc_figure\">\n\t\t\t<div class=\"vc_single_image-wrapper   vc_box_border_grey\"><img loading=\"lazy\" decoding=\"async\" width=\"630\" height=\"154\" src=\"https:\/\/www.boogalowgijon.com\/wp-content\/uploads\/2020\/06\/Telefono_984.png\" class=\"vc_single_image-img attachment-full\" alt=\"\" srcset=\"https:\/\/www.boogalowgijon.com\/wp-content\/uploads\/2020\/06\/Telefono_984.png 630w, https:\/\/www.boogalowgijon.com\/wp-content\/uploads\/2020\/06\/Telefono_984-300x73.png 300w, https:\/\/www.boogalowgijon.com\/wp-content\/uploads\/2020\/06\/Telefono_984-18x4.png 18w\" sizes=\"auto, (max-width: 630px) 100vw, 630px\" \/><\/div>\n\t\t<\/figure>\n\t<\/div>\n<\/div><\/div><\/div><\/div><div class=\"vc_row wpb_row vc_row-fluid\"><div class=\"wpb_column vc_column_container vc_col-sm-12\"><div class=\"vc_column-inner\"><div class=\"wpb_wrapper\"><div class=\"vc_empty_space\"   style=\"height: 32px\"><span class=\"vc_empty_space_inner\"><\/span><\/div><\/div><\/div><\/div><\/div>","protected":false},"excerpt":{"rendered":"\u00a1Te escuchamos! Si has revisado toda la informaci\u00f3n de la p\u00e1gina y te queda alguna pregunta no dudes en ponerte en contacto con nosotros utilizando este formulario. Te contestaremos los m\u00e1s r\u00e1pido que podamos. Gracias! \u00bfComo te llamas? * D\u00e9janos tu Email * Y ahora ... \u00a1Cu\u00e9ntanos! Marca esta casilla tras haber le\u00eddo nuestro Aviso [...]","protected":false},"author":1,"featured_media":0,"parent":0,"menu_order":0,"comment_status":"closed","ping_status":"closed","template":"","meta":{"ngg_post_thumbnail":0,"footnotes":""},"class_list":["post-1726","page","type-page","status-publish","hentry"],"yoast_head":"<!-- This site is optimized with the Yoast SEO plugin v26.9 - https:\/\/yoast.com\/product\/yoast-seo-wordpress\/ -->\n<title>Contacto - Boogalow - Hostel Gij\u00f3n<\/title>\n<meta name=\"description\" content=\"Si deseas m\u00e1s informaci\u00f3n no dudes en ponerte en contacto a trav\u00e9s de hola@boogalowgijon.com o de los tel\u00e9fonos (+34) 984.10.66.84 \/ (+34) 695.900.821\" \/>\n<meta name=\"robots\" content=\"index, follow, max-snippet:-1, max-image-preview:large, max-video-preview:-1\" \/>\n<link rel=\"canonical\" href=\"https:\/\/www.boogalowgijon.com\/en\/contacto-boogalow-gijon-hostel\/\" \/>\n<meta property=\"og:locale\" content=\"en_US\" \/>\n<meta property=\"og:type\" content=\"article\" \/>\n<meta property=\"og:title\" content=\"Contacto - Boogalow - Hostel Gij\u00f3n\" \/>\n<meta property=\"og:description\" content=\"Si deseas m\u00e1s informaci\u00f3n no dudes en ponerte en contacto a trav\u00e9s de hola@boogalowgijon.com o de los tel\u00e9fonos (+34) 984.10.66.84 \/ (+34) 695.900.821\" \/>\n<meta property=\"og:url\" content=\"https:\/\/www.boogalowgijon.com\/en\/contacto-boogalow-gijon-hostel\/\" \/>\n<meta property=\"og:site_name\" content=\"Boogalow - Hostel Gij\u00f3n\" \/>\n<meta property=\"article:modified_time\" content=\"2023-10-20T14:49:39+00:00\" \/>\n<meta name=\"twitter:card\" content=\"summary_large_image\" \/>\n<meta name=\"twitter:label1\" content=\"Est. reading time\" \/>\n\t<meta name=\"twitter:data1\" content=\"1 minute\" \/>\n<script type=\"application\/ld+json\" class=\"yoast-schema-graph\">{\"@context\":\"https:\/\/schema.org\",\"@graph\":[{\"@type\":\"WebPage\",\"@id\":\"https:\/\/www.boogalowgijon.com\/contacto-boogalow-gijon-hostel\/\",\"url\":\"https:\/\/www.boogalowgijon.com\/contacto-boogalow-gijon-hostel\/\",\"name\":\"Contacto - Boogalow - Hostel Gij\u00f3n\",\"isPartOf\":{\"@id\":\"https:\/\/www.boogalowgijon.com\/#website\"},\"datePublished\":\"2018-05-07T14:02:00+00:00\",\"dateModified\":\"2023-10-20T14:49:39+00:00\",\"description\":\"Si deseas m\u00e1s informaci\u00f3n no dudes en ponerte en contacto a trav\u00e9s de hola@boogalowgijon.com o de los tel\u00e9fonos (+34) 984.10.66.84 \/ (+34) 695.900.821\",\"breadcrumb\":{\"@id\":\"https:\/\/www.boogalowgijon.com\/contacto-boogalow-gijon-hostel\/#breadcrumb\"},\"inLanguage\":\"en-US\",\"potentialAction\":[{\"@type\":\"ReadAction\",\"target\":[\"https:\/\/www.boogalowgijon.com\/contacto-boogalow-gijon-hostel\/\"]}]},{\"@type\":\"BreadcrumbList\",\"@id\":\"https:\/\/www.boogalowgijon.com\/contacto-boogalow-gijon-hostel\/#breadcrumb\",\"itemListElement\":[{\"@type\":\"ListItem\",\"position\":1,\"name\":\"Portada\",\"item\":\"https:\/\/www.boogalowgijon.com\/\"},{\"@type\":\"ListItem\",\"position\":2,\"name\":\"Contacto\"}]},{\"@type\":\"WebSite\",\"@id\":\"https:\/\/www.boogalowgijon.com\/#website\",\"url\":\"https:\/\/www.boogalowgijon.com\/\",\"name\":\"Boogalow - Hostel Gij\u00f3n\",\"description\":\"Hostel - Vistas al mar - Centro Ciudad - Barato\",\"publisher\":{\"@id\":\"https:\/\/www.boogalowgijon.com\/#organization\"},\"potentialAction\":[{\"@type\":\"SearchAction\",\"target\":{\"@type\":\"EntryPoint\",\"urlTemplate\":\"https:\/\/www.boogalowgijon.com\/?s={search_term_string}\"},\"query-input\":{\"@type\":\"PropertyValueSpecification\",\"valueRequired\":true,\"valueName\":\"search_term_string\"}}],\"inLanguage\":\"en-US\"},{\"@type\":\"Organization\",\"@id\":\"https:\/\/www.boogalowgijon.com\/#organization\",\"name\":\"Boogalow Hostel\",\"url\":\"https:\/\/www.boogalowgijon.com\/\",\"logo\":{\"@type\":\"ImageObject\",\"inLanguage\":\"en-US\",\"@id\":\"https:\/\/www.boogalowgijon.com\/#\/schema\/logo\/image\/\",\"url\":\"http:\/\/www.boogalowgijon.com\/wp-content\/uploads\/2019\/08\/Boogalow_GIJON.png\",\"contentUrl\":\"http:\/\/www.boogalowgijon.com\/wp-content\/uploads\/2019\/08\/Boogalow_GIJON.png\",\"width\":300,\"height\":91,\"caption\":\"Boogalow Hostel\"},\"image\":{\"@id\":\"https:\/\/www.boogalowgijon.com\/#\/schema\/logo\/image\/\"}}]}<\/script>\n<!-- \/ Yoast SEO plugin. -->","yoast_head_json":{"title":"Contacto - Boogalow - Hostel Gij\u00f3n","description":"Si deseas m\u00e1s informaci\u00f3n no dudes en ponerte en contacto a trav\u00e9s de hola@boogalowgijon.com o de los tel\u00e9fonos (+34) 984.10.66.84 \/ (+34) 695.900.821","robots":{"index":"index","follow":"follow","max-snippet":"max-snippet:-1","max-image-preview":"max-image-preview:large","max-video-preview":"max-video-preview:-1"},"canonical":"https:\/\/www.boogalowgijon.com\/en\/contacto-boogalow-gijon-hostel\/","og_locale":"en_US","og_type":"article","og_title":"Contacto - Boogalow - Hostel Gij\u00f3n","og_description":"Si deseas m\u00e1s informaci\u00f3n no dudes en ponerte en contacto a trav\u00e9s de hola@boogalowgijon.com o de los tel\u00e9fonos (+34) 984.10.66.84 \/ (+34) 695.900.821","og_url":"https:\/\/www.boogalowgijon.com\/en\/contacto-boogalow-gijon-hostel\/","og_site_name":"Boogalow - Hostel Gij\u00f3n","article_modified_time":"2023-10-20T14:49:39+00:00","twitter_card":"summary_large_image","twitter_misc":{"Est. reading time":"1 minute"},"schema":{"@context":"https:\/\/schema.org","@graph":[{"@type":"WebPage","@id":"https:\/\/www.boogalowgijon.com\/contacto-boogalow-gijon-hostel\/","url":"https:\/\/www.boogalowgijon.com\/contacto-boogalow-gijon-hostel\/","name":"Contacto - Boogalow - Hostel Gij\u00f3n","isPartOf":{"@id":"https:\/\/www.boogalowgijon.com\/#website"},"datePublished":"2018-05-07T14:02:00+00:00","dateModified":"2023-10-20T14:49:39+00:00","description":"Si deseas m\u00e1s informaci\u00f3n no dudes en ponerte en contacto a trav\u00e9s de hola@boogalowgijon.com o de los tel\u00e9fonos (+34) 984.10.66.84 \/ (+34) 695.900.821","breadcrumb":{"@id":"https:\/\/www.boogalowgijon.com\/contacto-boogalow-gijon-hostel\/#breadcrumb"},"inLanguage":"en-US","potentialAction":[{"@type":"ReadAction","target":["https:\/\/www.boogalowgijon.com\/contacto-boogalow-gijon-hostel\/"]}]},{"@type":"BreadcrumbList","@id":"https:\/\/www.boogalowgijon.com\/contacto-boogalow-gijon-hostel\/#breadcrumb","itemListElement":[{"@type":"ListItem","position":1,"name":"Portada","item":"https:\/\/www.boogalowgijon.com\/"},{"@type":"ListItem","position":2,"name":"Contacto"}]},{"@type":"WebSite","@id":"https:\/\/www.boogalowgijon.com\/#website","url":"https:\/\/www.boogalowgijon.com\/","name":"Boogalow - Hostel Gij\u00f3n","description":"Hostel - Vistas al mar - Centro Ciudad - Barato","publisher":{"@id":"https:\/\/www.boogalowgijon.com\/#organization"},"potentialAction":[{"@type":"SearchAction","target":{"@type":"EntryPoint","urlTemplate":"https:\/\/www.boogalowgijon.com\/?s={search_term_string}"},"query-input":{"@type":"PropertyValueSpecification","valueRequired":true,"valueName":"search_term_string"}}],"inLanguage":"en-US"},{"@type":"Organization","@id":"https:\/\/www.boogalowgijon.com\/#organization","name":"Boogalow Hostel","url":"https:\/\/www.boogalowgijon.com\/","logo":{"@type":"ImageObject","inLanguage":"en-US","@id":"https:\/\/www.boogalowgijon.com\/#\/schema\/logo\/image\/","url":"http:\/\/www.boogalowgijon.com\/wp-content\/uploads\/2019\/08\/Boogalow_GIJON.png","contentUrl":"http:\/\/www.boogalowgijon.com\/wp-content\/uploads\/2019\/08\/Boogalow_GIJON.png","width":300,"height":91,"caption":"Boogalow Hostel"},"image":{"@id":"https:\/\/www.boogalowgijon.com\/#\/schema\/logo\/image\/"}}]}},"_links":{"self":[{"href":"https:\/\/www.boogalowgijon.com\/en\/wp-json\/wp\/v2\/pages\/1726","targetHints":{"allow":["GET"]}}],"collection":[{"href":"https:\/\/www.boogalowgijon.com\/en\/wp-json\/wp\/v2\/pages"}],"about":[{"href":"https:\/\/www.boogalowgijon.com\/en\/wp-json\/wp\/v2\/types\/page"}],"author":[{"embeddable":true,"href":"https:\/\/www.boogalowgijon.com\/en\/wp-json\/wp\/v2\/users\/1"}],"replies":[{"embeddable":true,"href":"https:\/\/www.boogalowgijon.com\/en\/wp-json\/wp\/v2\/comments?post=1726"}],"version-history":[{"count":7,"href":"https:\/\/www.boogalowgijon.com\/en\/wp-json\/wp\/v2\/pages\/1726\/revisions"}],"predecessor-version":[{"id":2719,"href":"https:\/\/www.boogalowgijon.com\/en\/wp-json\/wp\/v2\/pages\/1726\/revisions\/2719"}],"wp:attachment":[{"href":"https:\/\/www.boogalowgijon.com\/en\/wp-json\/wp\/v2\/media?parent=1726"}],"curies":[{"name":"wp","href":"https:\/\/api.w.org\/{rel}","templated":true}]}}