{"id":1796,"date":"2018-05-08T11:22:28","date_gmt":"2018-05-08T11:22:28","guid":{"rendered":"http:\/\/boogalowhostel.com\/?page_id=1796"},"modified":"2020-03-20T17:49:59","modified_gmt":"2020-03-20T16:49:59","slug":"aviso-legal","status":"publish","type":"page","link":"https:\/\/www.boogalowgijon.com\/en\/aviso-legal\/","title":{"rendered":"AVISO LEGAL"},"content":{"rendered":"<div class=\"vc_row wpb_row vc_row-fluid vc_custom_1525785413856 vc_row-has-fill\"><div class=\"wpb_column vc_column_container vc_col-sm-12\"><div class=\"vc_column-inner\"><div class=\"wpb_wrapper\"><div style=\"background-color:;height: 30px\" class=\"nicdark_section\"><\/div>\n\t<div class=\"wpb_text_column wpb_content_element\" >\n\t\t<div class=\"wpb_wrapper\">\n\t\t\t<p style=\"text-align: center;\">Hello! We want you to have all the information about us and to know that your personal data is safe. Read this Legal Notice carefully, which also establishes and regulates the use offered on this website www.boogalowgijon.com.<\/p>\n\n\t\t<\/div>\n\t<\/div>\n<div style=\"background-color:;height: 30px\" class=\"nicdark_section\"><\/div><\/div><\/div><\/div><\/div><section data-vc-full-width=\"true\" data-vc-full-width-init=\"false\" class=\"vc_section vc_custom_1525786328539 vc_section-has-fill\"><div class=\"vc_row wpb_row vc_row-fluid\"><div class=\"wpb_column vc_column_container vc_col-sm-3\"><div class=\"vc_column-inner\"><div class=\"wpb_wrapper\"><h1 style=\"text-align: left\" class=\"vc_custom_heading\" >1. Who <b> are we? <\/b><\/h1><\/div><\/div><\/div><div class=\"wpb_column vc_column_container vc_col-sm-9\"><div class=\"vc_column-inner\"><div class=\"wpb_wrapper\">\n\t<div class=\"wpb_text_column wpb_content_element\" >\n\t\t<div class=\"wpb_wrapper\">\n\t\t\t<p>Boogalow \u2013 Gij\u00f3n is an accommodation company with the following tax information:<\/p>\n<ul>\n<li><em>Beatriz Rodr\u00edguez Armada<\/em>, CIF: 71.667.690-N, with its headquarters located in Calle Jovellanos, 1 2\u00baD 33202, Gij\u00f3n, Asturias.<\/li>\n<li><em>Telephone number<\/em>: (+34) 984 10 66 84<\/li>\n<li>Licence number: ABT-103-AS<\/li>\n<li><em>Email<\/em>: hola@boogalowgijon.com<\/li>\n<\/ul>\n<p>From now on, in this legal notice we will refer to the previous owner as <span style=\"color: #000000;\"><strong><em>Boogalow Gij\u00f3n.<\/em><\/strong><\/span><\/p>\n\n\t\t<\/div>\n\t<\/div>\n<\/div><\/div><\/div><\/div><div class=\"vc_row wpb_row vc_row-fluid\"><div class=\"wpb_column vc_column_container vc_col-sm-12\"><div class=\"vc_column-inner\"><div class=\"wpb_wrapper\"><div class=\"vc_separator wpb_content_element vc_separator_align_center vc_sep_width_100 vc_sep_pos_align_center vc_separator_no_text vc_sep_color_grey\" ><span class=\"vc_sep_holder vc_sep_holder_l\"><span  class=\"vc_sep_line\"><\/span><\/span><span class=\"vc_sep_holder vc_sep_holder_r\"><span  class=\"vc_sep_line\"><\/span><\/span>\n<\/div><\/div><\/div><\/div><\/div><div class=\"vc_row wpb_row vc_row-fluid\"><div class=\"wpb_column vc_column_container vc_col-sm-3\"><div class=\"vc_column-inner\"><div class=\"wpb_wrapper\"><h1 style=\"text-align: left\" class=\"vc_custom_heading\" >2. <b> Propietary <\/b> rights<\/h1><\/div><\/div><\/div><div class=\"wpb_column vc_column_container vc_col-sm-9\"><div class=\"vc_column-inner\"><div class=\"wpb_wrapper\">\n\t<div class=\"wpb_text_column wpb_content_element\" >\n\t\t<div class=\"wpb_wrapper\">\n\t\t\t<p><span style=\"color: #a3a3a3;\"><span style=\"font-family: Montserrat, sans-serif;\">All the contents of the Website, understood as merely enunciative texts, photographs, graphics, images, icons, technology, software, \"links\" and other audiovisual or sound content, as well as its graphic design and source codes (hereinafter , the 'Contents'), are the intellectual property of\u00a0<\/span><\/span><em><span style=\"color: #000000;\"><span style=\"font-family: Montserrat, sans-serif;\">Boogalow\u00a0Gij\u00f3n<\/span><\/span><\/em><span style=\"color: #a3a3a3;\"><span style=\"font-family: Montserrat, sans-serif;\">\u00a0or of third parties used under license, without the User being understood to be assigned any of the exploitation rights over them beyond what is strictly necessary for the correct use of the Website.<\/span><\/span><\/p>\n<p>&nbsp;<\/p>\n<p><span style=\"color: #a3a3a3;\"><span style=\"font-family: Montserrat, sans-serif;\">All images shown are the property of\u00a0<\/span><\/span><em><span style=\"color: #000000;\"><span style=\"font-family: Montserrat, sans-serif;\">Boogalow\u00a0Gij\u00f3n\u00a0<\/span><\/span><\/em><span style=\"color: #a3a3a3;\"><span style=\"font-family: Montserrat, sans-serif;\">\u00a0or have their use license regularized through their design provider (<\/span><\/span><em><span style=\"color: #a3a3a3;\"><span style=\"font-family: Montserrat, sans-serif;\">BEGR\u00c1FIKA SL<\/span><\/span><\/em><span style=\"color: #a3a3a3;\"><span style=\"font-family: Montserrat, sans-serif;\">).<\/span><\/span><\/p>\n<p>&nbsp;<\/p>\n<p><span style=\"color: #a3a3a3;\"><span style=\"font-family: Montserrat, sans-serif;\">Trademarks, trade names or distinctive signs are the property of\u00a0<\/span><\/span><em><span style=\"color: #000000;\"><span style=\"font-family: Montserrat, sans-serif;\"><span style=\"font-size: small;\">Boogalow\u00a0Gij\u00f3n<\/span><\/span><\/span><\/em><span style=\"color: #a3a3a3;\"><span style=\"font-family: Montserrat, sans-serif;\">\u00a0or third parties, without it being understood that access to the Website attributes any right over the aforementioned trademarks, trade names and\/or distinctive signs.<\/span><\/span><\/p>\n\n\t\t<\/div>\n\t<\/div>\n<\/div><\/div><\/div><\/div><div class=\"vc_row wpb_row vc_row-fluid\"><div class=\"wpb_column vc_column_container vc_col-sm-12\"><div class=\"vc_column-inner\"><div class=\"wpb_wrapper\"><div class=\"vc_separator wpb_content_element vc_separator_align_center vc_sep_width_100 vc_sep_pos_align_center vc_separator_no_text vc_sep_color_grey\" ><span class=\"vc_sep_holder vc_sep_holder_l\"><span  class=\"vc_sep_line\"><\/span><\/span><span class=\"vc_sep_holder vc_sep_holder_r\"><span  class=\"vc_sep_line\"><\/span><\/span>\n<\/div><\/div><\/div><\/div><\/div><div class=\"vc_row wpb_row vc_row-fluid\"><div class=\"wpb_column vc_column_container vc_col-sm-3\"><div class=\"vc_column-inner\"><div class=\"wpb_wrapper\"><h1 style=\"text-align: left\" class=\"vc_custom_heading\" >3. Data <b>protection <\/b><\/h1><\/div><\/div><\/div><div class=\"wpb_column vc_column_container vc_col-sm-9\"><div class=\"vc_column-inner\"><div class=\"wpb_wrapper\">\n\t<div class=\"wpb_text_column wpb_content_element\" >\n\t\t<div class=\"wpb_wrapper\">\n\t\t\t<p><span style=\"color: #a3a3a3;\"><span style=\"font-family: Montserrat, sans-serif;\">In accordance with the Law on Services of the Information Society and Electronic Commerce, and the current Organic Law 15 12\/13\/1999 on Spanish Data Protection, we inform you that by providing your email address and\/or using the form, this will be included in our database, along with your name, telephone number and other information that you have provided us with in order to maintain an open channel of communication between you and<\/span><\/span><span style=\"color: #a3a3a3;\"><span style=\"font-family: Montserrat, sans-serif;\">\u00a0<\/span><\/span><strong><span style=\"color: #000000;\"><span style=\"font-family: Montserrat, sans-serif;\"><span style=\"font-size: small;\">Boogalow\u00a0Gij\u00f3n<\/span><\/span><\/span><\/strong><span style=\"color: #a3a3a3;\"><span style=\"font-family: Montserrat, sans-serif;\">.<\/span><\/span><\/p>\n<p>&nbsp;<\/p>\n<p><span style=\"color: #a3a3a3;\"><span style=\"font-family: Montserrat, sans-serif;\">The owner of the related data (you) is aware of their inclusion in our file and they will remain recorded as long as you do not request their removal or cease the business relationship.<\/span><\/span><\/p>\n<p>&nbsp;<\/p>\n<p><span style=\"color: #a3a3a3;\"><span style=\"font-family: Montserrat, sans-serif;\">This data file belongs to\u00a0<\/span><\/span><strong><span style=\"color: #000000;\"><span style=\"font-family: Montserrat, sans-serif;\">Boogalow\u00a0Gij\u00f3n\u00a0<\/span><\/span><\/strong><span style=\"color: #a3a3a3;\"><span style=\"font-family: Montserrat, sans-serif;\">(Held by: <span style=\"color: #6e6b6b;\">BEATRIZ RODRIGUEZ ARMADA, CIF 71667690N, Headquarters: C\/JOVELLANOS 1, 2\u00baD, 33202, GIJ\u00d3N<\/span>) and undertakes not to assign or share said file either free of charge or commercially with third parties, companies or persons.<\/span><\/span><\/p>\n<p>&nbsp;<\/p>\n<p><span style=\"color: #a3a3a3;\"><span style=\"font-family: Montserrat, sans-serif;\">We inform you about your right to oppose, access, rectify and cancel this personal data, which you can do by contacting\u00a0<\/span><\/span><strong><span style=\"color: #000000;\"><span style=\"font-family: Montserrat, sans-serif;\">Boogalow Gij\u00f3n<\/span><\/span><\/strong><span style=\"color: #a3a3a3;\"><span style=\"font-family: Montserrat, sans-serif;\">. through hola@boogalowhostel.com or at the telephone number (+34) 984 10 66 84.<\/span><\/span><\/p>\n<p>&nbsp;<\/p>\n<p><strong>What are your rights when you provide us with your data?<\/strong><\/p>\n<ul>\n<li>Access: The interested party has the right to know what data <strong><span style=\"color: #000000;\"><span style=\"font-family: Montserrat, sans-serif;\"><span style=\"font-size: small;\">Boogalow\u00a0Gij\u00f3n<\/span><\/span><\/span><\/strong> is processing about him.<\/li>\n<li>Rectification: The interested party has the right to request the rectification of inaccurate data.<\/li>\n<li>Deletion: The interested party has the right to request the deletion of their data when, among other reasons, the data is not necessary for the purposes for which it was collected.<\/li>\n<li>Limitation of treatment: In certain circumstances, the interested party may request the limitation of the treatment of their data, in which case we will only keep them for the exercise or defense of claims.<\/li>\n<li>Opposition: In certain circumstances, the interested party may oppose the processing of their data. In that case, <strong><span style=\"color: #000000;\"><span style=\"font-family: Montserrat, sans-serif;\"><span style=\"font-size: small;\">Boogalow\u00a0Gij\u00f3n<\/span><\/span><\/span><\/strong> will stop processing their data, except for compelling legitimate reasons or the exercise or defense of possible claims.<\/li>\n<li>Data portability: Only applicable to automated data and consists of passing the data from <strong><span style=\"color: #000000;\"><span style=\"font-family: Montserrat, sans-serif;\"><span style=\"font-size: small;\">Boogalow\u00a0Gij\u00f3n<\/span><\/span><\/span><\/strong> to another new RESPONSIBLE FOR THE DATA PROCESSING (not to the interested party and at the request of the same).<\/li>\n<\/ul>\n<p>&nbsp;<\/p>\n<h3>BOOKINGS<\/h3>\n<p>&nbsp;<\/p>\n<p>Bookings are made through the platform <em><strong>WuBooK<\/strong><\/em>. The data is entered directly into its files through a \"window\" on our page and it is <em><strong>WuBooK (<\/strong><\/em>WuBook srl<em><strong> )<\/strong><\/em> who manages this information.<\/p>\n<p><a href=\"https:\/\/es.wubook.net\/shstatic\/downloads\/privacy_en.pdf\">Check its privacy policy here.<\/a><\/p>\n\n\t\t<\/div>\n\t<\/div>\n<\/div><\/div><\/div><\/div><div class=\"vc_row wpb_row vc_row-fluid\"><div class=\"wpb_column vc_column_container vc_col-sm-12\"><div class=\"vc_column-inner\"><div class=\"wpb_wrapper\"><div class=\"vc_separator wpb_content_element vc_separator_align_center vc_sep_width_100 vc_sep_pos_align_center vc_separator_no_text vc_sep_color_grey\" ><span class=\"vc_sep_holder vc_sep_holder_l\"><span  class=\"vc_sep_line\"><\/span><\/span><span class=\"vc_sep_holder vc_sep_holder_r\"><span  class=\"vc_sep_line\"><\/span><\/span>\n<\/div><\/div><\/div><\/div><\/div><div class=\"vc_row wpb_row vc_row-fluid\"><div class=\"wpb_column vc_column_container vc_col-sm-3\"><div class=\"vc_column-inner\"><div class=\"wpb_wrapper\"><h1 style=\"text-align: left\" class=\"vc_custom_heading\" >4. Use of <b>cookies <\/b><\/h1><\/div><\/div><\/div><div class=\"wpb_column vc_column_container vc_col-sm-9\"><div class=\"vc_column-inner\"><div class=\"wpb_wrapper\">\n\t<div class=\"wpb_text_column wpb_content_element\" >\n\t\t<div class=\"wpb_wrapper\">\n\t\t\t<p>By browsing the website (boogalowgijon.com) you accept the use of cookies.<\/p>\n<p>A cookie is a small file that is sent from the web page server to the hard drive of the Internet user (page user) who visits it with information about their navigation that allows improving the behavior of the web page. The <strong>own cookies<\/strong> that we use are not intrusive and do not share information with other websites.<\/p>\n<p>We also use <strong>third party cookies<\/strong> (Google) for statistical purposes and analysis of visits to the website, as well as the use of applications, such as the map or form verifiers. These cookies send data to the applications and allow the correct functioning of the different parts of the web page.<\/p>\n\n\t\t<\/div>\n\t<\/div>\n<\/div><\/div><\/div><\/div><div class=\"vc_row wpb_row vc_row-fluid\"><div class=\"wpb_column vc_column_container vc_col-sm-12\"><div class=\"vc_column-inner\"><div class=\"wpb_wrapper\"><div class=\"vc_separator wpb_content_element vc_separator_align_center vc_sep_width_100 vc_sep_pos_align_center vc_separator_no_text vc_sep_color_grey\" ><span class=\"vc_sep_holder vc_sep_holder_l\"><span  class=\"vc_sep_line\"><\/span><\/span><span class=\"vc_sep_holder vc_sep_holder_r\"><span  class=\"vc_sep_line\"><\/span><\/span>\n<\/div><\/div><\/div><\/div><\/div><\/section><div class=\"vc_row-full-width vc_clearfix\"><\/div>","protected":false},"excerpt":{"rendered":"\u00a1Hola! Queremos que tengas toda la informaci\u00f3n sobre nosotros y que sepas que tus datos personales est\u00e1n a salvo. Lee atentamente este Aviso Legal que adem\u00e1s establece y regula el uso que se ofrece en esta p\u00e1gina web www.boogalowgijon.com. 1. \u00bfQui\u00e9nes somos? Boogalow \u00a0- Gij\u00f3n es una empresa de alojamiento con los siguientes datos fiscales: [...]","protected":false},"author":1,"featured_media":0,"parent":0,"menu_order":0,"comment_status":"closed","ping_status":"closed","template":"","meta":{"ngg_post_thumbnail":0,"footnotes":""},"class_list":["post-1796","page","type-page","status-publish","hentry"],"yoast_head":"<!-- This site is optimized with the Yoast SEO plugin v26.9 - https:\/\/yoast.com\/product\/yoast-seo-wordpress\/ -->\n<title>AVISO LEGAL - Boogalow - Hostel Gij\u00f3n<\/title>\n<meta name=\"robots\" content=\"noindex, nofollow\" \/>\n<meta property=\"og:locale\" content=\"en_US\" \/>\n<meta property=\"og:type\" content=\"article\" \/>\n<meta property=\"og:title\" content=\"AVISO LEGAL - Boogalow - Hostel Gij\u00f3n\" \/>\n<meta property=\"og:url\" content=\"https:\/\/www.boogalowgijon.com\/en\/aviso-legal\/\" \/>\n<meta property=\"og:site_name\" content=\"Boogalow - Hostel Gij\u00f3n\" \/>\n<meta property=\"article:modified_time\" content=\"2020-03-20T16:49:59+00:00\" \/>\n<meta name=\"twitter:card\" content=\"summary_large_image\" \/>\n<meta name=\"twitter:label1\" content=\"Est. reading time\" \/>\n\t<meta name=\"twitter:data1\" content=\"5 minutes\" \/>\n<script type=\"application\/ld+json\" class=\"yoast-schema-graph\">{\"@context\":\"https:\/\/schema.org\",\"@graph\":[{\"@type\":\"WebPage\",\"@id\":\"https:\/\/www.boogalowgijon.com\/aviso-legal\/\",\"url\":\"https:\/\/www.boogalowgijon.com\/aviso-legal\/\",\"name\":\"AVISO LEGAL - Boogalow - Hostel Gij\u00f3n\",\"isPartOf\":{\"@id\":\"https:\/\/www.boogalowgijon.com\/#website\"},\"datePublished\":\"2018-05-08T11:22:28+00:00\",\"dateModified\":\"2020-03-20T16:49:59+00:00\",\"breadcrumb\":{\"@id\":\"https:\/\/www.boogalowgijon.com\/aviso-legal\/#breadcrumb\"},\"inLanguage\":\"en-US\",\"potentialAction\":[{\"@type\":\"ReadAction\",\"target\":[\"https:\/\/www.boogalowgijon.com\/aviso-legal\/\"]}]},{\"@type\":\"BreadcrumbList\",\"@id\":\"https:\/\/www.boogalowgijon.com\/aviso-legal\/#breadcrumb\",\"itemListElement\":[{\"@type\":\"ListItem\",\"position\":1,\"name\":\"Portada\",\"item\":\"https:\/\/www.boogalowgijon.com\/\"},{\"@type\":\"ListItem\",\"position\":2,\"name\":\"AVISO LEGAL\"}]},{\"@type\":\"WebSite\",\"@id\":\"https:\/\/www.boogalowgijon.com\/#website\",\"url\":\"https:\/\/www.boogalowgijon.com\/\",\"name\":\"Boogalow - Hostel Gij\u00f3n\",\"description\":\"Hostel - Vistas al mar - Centro Ciudad - Barato\",\"publisher\":{\"@id\":\"https:\/\/www.boogalowgijon.com\/#organization\"},\"potentialAction\":[{\"@type\":\"SearchAction\",\"target\":{\"@type\":\"EntryPoint\",\"urlTemplate\":\"https:\/\/www.boogalowgijon.com\/?s={search_term_string}\"},\"query-input\":{\"@type\":\"PropertyValueSpecification\",\"valueRequired\":true,\"valueName\":\"search_term_string\"}}],\"inLanguage\":\"en-US\"},{\"@type\":\"Organization\",\"@id\":\"https:\/\/www.boogalowgijon.com\/#organization\",\"name\":\"Boogalow Hostel\",\"url\":\"https:\/\/www.boogalowgijon.com\/\",\"logo\":{\"@type\":\"ImageObject\",\"inLanguage\":\"en-US\",\"@id\":\"https:\/\/www.boogalowgijon.com\/#\/schema\/logo\/image\/\",\"url\":\"http:\/\/www.boogalowgijon.com\/wp-content\/uploads\/2019\/08\/Boogalow_GIJON.png\",\"contentUrl\":\"http:\/\/www.boogalowgijon.com\/wp-content\/uploads\/2019\/08\/Boogalow_GIJON.png\",\"width\":300,\"height\":91,\"caption\":\"Boogalow Hostel\"},\"image\":{\"@id\":\"https:\/\/www.boogalowgijon.com\/#\/schema\/logo\/image\/\"}}]}<\/script>\n<!-- \/ Yoast SEO plugin. -->","yoast_head_json":{"title":"AVISO LEGAL - Boogalow - Hostel Gij\u00f3n","robots":{"index":"noindex","follow":"nofollow"},"og_locale":"en_US","og_type":"article","og_title":"AVISO LEGAL - Boogalow - Hostel Gij\u00f3n","og_url":"https:\/\/www.boogalowgijon.com\/en\/aviso-legal\/","og_site_name":"Boogalow - Hostel Gij\u00f3n","article_modified_time":"2020-03-20T16:49:59+00:00","twitter_card":"summary_large_image","twitter_misc":{"Est. reading time":"5 minutes"},"schema":{"@context":"https:\/\/schema.org","@graph":[{"@type":"WebPage","@id":"https:\/\/www.boogalowgijon.com\/aviso-legal\/","url":"https:\/\/www.boogalowgijon.com\/aviso-legal\/","name":"AVISO LEGAL - Boogalow - Hostel Gij\u00f3n","isPartOf":{"@id":"https:\/\/www.boogalowgijon.com\/#website"},"datePublished":"2018-05-08T11:22:28+00:00","dateModified":"2020-03-20T16:49:59+00:00","breadcrumb":{"@id":"https:\/\/www.boogalowgijon.com\/aviso-legal\/#breadcrumb"},"inLanguage":"en-US","potentialAction":[{"@type":"ReadAction","target":["https:\/\/www.boogalowgijon.com\/aviso-legal\/"]}]},{"@type":"BreadcrumbList","@id":"https:\/\/www.boogalowgijon.com\/aviso-legal\/#breadcrumb","itemListElement":[{"@type":"ListItem","position":1,"name":"Portada","item":"https:\/\/www.boogalowgijon.com\/"},{"@type":"ListItem","position":2,"name":"AVISO LEGAL"}]},{"@type":"WebSite","@id":"https:\/\/www.boogalowgijon.com\/#website","url":"https:\/\/www.boogalowgijon.com\/","name":"Boogalow - Hostel Gij\u00f3n","description":"Hostel - Vistas al mar - Centro Ciudad - Barato","publisher":{"@id":"https:\/\/www.boogalowgijon.com\/#organization"},"potentialAction":[{"@type":"SearchAction","target":{"@type":"EntryPoint","urlTemplate":"https:\/\/www.boogalowgijon.com\/?s={search_term_string}"},"query-input":{"@type":"PropertyValueSpecification","valueRequired":true,"valueName":"search_term_string"}}],"inLanguage":"en-US"},{"@type":"Organization","@id":"https:\/\/www.boogalowgijon.com\/#organization","name":"Boogalow Hostel","url":"https:\/\/www.boogalowgijon.com\/","logo":{"@type":"ImageObject","inLanguage":"en-US","@id":"https:\/\/www.boogalowgijon.com\/#\/schema\/logo\/image\/","url":"http:\/\/www.boogalowgijon.com\/wp-content\/uploads\/2019\/08\/Boogalow_GIJON.png","contentUrl":"http:\/\/www.boogalowgijon.com\/wp-content\/uploads\/2019\/08\/Boogalow_GIJON.png","width":300,"height":91,"caption":"Boogalow Hostel"},"image":{"@id":"https:\/\/www.boogalowgijon.com\/#\/schema\/logo\/image\/"}}]}},"_links":{"self":[{"href":"https:\/\/www.boogalowgijon.com\/en\/wp-json\/wp\/v2\/pages\/1796","targetHints":{"allow":["GET"]}}],"collection":[{"href":"https:\/\/www.boogalowgijon.com\/en\/wp-json\/wp\/v2\/pages"}],"about":[{"href":"https:\/\/www.boogalowgijon.com\/en\/wp-json\/wp\/v2\/types\/page"}],"author":[{"embeddable":true,"href":"https:\/\/www.boogalowgijon.com\/en\/wp-json\/wp\/v2\/users\/1"}],"replies":[{"embeddable":true,"href":"https:\/\/www.boogalowgijon.com\/en\/wp-json\/wp\/v2\/comments?post=1796"}],"version-history":[{"count":3,"href":"https:\/\/www.boogalowgijon.com\/en\/wp-json\/wp\/v2\/pages\/1796\/revisions"}],"predecessor-version":[{"id":2171,"href":"https:\/\/www.boogalowgijon.com\/en\/wp-json\/wp\/v2\/pages\/1796\/revisions\/2171"}],"wp:attachment":[{"href":"https:\/\/www.boogalowgijon.com\/en\/wp-json\/wp\/v2\/media?parent=1796"}],"curies":[{"name":"wp","href":"https:\/\/api.w.org\/{rel}","templated":true}]}}